{"id":291,"date":"2020-06-17T08:11:42","date_gmt":"2020-06-17T08:11:42","guid":{"rendered":"https:\/\/artemisresearc.wpengine.com\/?page_id=291"},"modified":"2026-04-07T09:03:33","modified_gmt":"2026-04-07T09:03:33","slug":"the-artemis-difference","status":"publish","type":"page","link":"https:\/\/artemis-research.com\/es\/about-artemis\/the-artemis-difference\/","title":{"rendered":"Historia y Valores Fundamentales"},"content":{"rendered":"<div id=\"pl-291\"  class=\"panel-layout\" ><div id=\"pg-291-0\"  class=\"panel-grid panel-has-style\" ><div class=\"video-panel panel-row-style panel-row-style-for-291-0\" ><div id=\"pgc-291-0-0\"  class=\"panel-grid-cell panel-grid-cell-empty\" ><\/div><div id=\"pgc-291-0-1\"  class=\"panel-grid-cell panel-grid-cell-mobile-last\" ><div id=\"panel-291-0-1-0\" class=\"so-panel widget widget_sow-editor panel-first-child panel-last-child\" data-index=\"0\" ><div\n\t\t\t\n\t\t\tclass=\"so-widget-sow-editor so-widget-sow-editor-base\"\n\t\t\t\n\t\t>\n<div class=\"siteorigin-widget-tinymce textwidget\">\n\t<p><iframe width=\"100%\" height=\"100%\" title=\"Clinical Trials Video\" src=\"https:\/\/www.youtube.com\/embed\/7sYstlCHm4o?controls=0\" frameborder=\"0\" allow=\"accelerometer; autoplay; encrypted-media; gyroscope; picture-in-picture\" allowfullscreen><\/iframe><\/p>\n<\/div>\n<\/div><\/div><\/div><div id=\"pgc-291-0-2\"  class=\"panel-grid-cell panel-grid-cell-empty\" ><\/div><\/div><\/div><div id=\"pg-291-1\"  class=\"panel-grid panel-has-style\" ><div class=\"small-container panel-row-style panel-row-style-for-291-1\" ><div id=\"pgc-291-1-0\"  class=\"panel-grid-cell\" ><div id=\"panel-291-1-0-0\" class=\"so-panel widget widget_sow-editor panel-first-child panel-last-child\" data-index=\"1\" ><div\n\t\t\t\n\t\t\tclass=\"so-widget-sow-editor so-widget-sow-editor-base\"\n\t\t\t\n\t\t>\n<div class=\"siteorigin-widget-tinymce textwidget\">\n\t<p><span style=\"font-weight: 400;\">Artemis Institute for Clinical Research fue establecido en 2008 por un grupo de colegas con amplia experiencia en investigaci\u00f3n cl\u00ednica, que compart\u00edan el compromiso de desarrollar un enfoque m\u00e1s reflexivo y profesional para realizar ensayos cl\u00ednicos. Artemis se fund\u00f3 con el prop\u00f3sito central de priorizar a los pacientes, hacer avanzar la medicina y mejorar el mundo.\u00a0<\/span><\/p>\n<p><span style=\"font-weight: 400;\">Adem\u00e1s, de nuestro prop\u00f3sito central, Artemis se rige por cinco valores fundamentales que definen nuestra cultura y gu\u00edan las decisiones clave sobre a qui\u00e9n contratamos, a qui\u00e9n promovemos y c\u00f3mo gestionamos nuestro negocio.\u00a0<\/span><\/p>\n<p><strong>Nuestros valores fundamentales son:<\/strong><\/p>\n<ul>\n<li><span style=\"font-weight: 400;\">Siempre anteponemos a los pacientes<\/span><\/li>\n<li>Brindamos la mejor experiencia al cliente<\/li>\n<li>Hacemos lo correcto<\/li>\n<li>Trabajamos en equipo<\/li>\n<li>Adoptamos la Mejora Continua<\/li>\n<\/ul>\n<p><span style=\"font-weight: 400;\">En Artemis, llevamos a cabo estudios cl\u00ednicos en nombre de los patrocinadores de nuestro estudio mientras mantenemos al paciente en el centro de nuestros esfuerzos. Al combinar la experiencia de nuestro equipo con nuestro prop\u00f3sito y valores fundamentales, Artemis se ha ganado una reputaci\u00f3n en toda la industria por la alta calidad de nuestros datos y por la calidad profesional de nuestras relaciones. Artemis Research ahora ha realizado m\u00e1s de 300 estudios exitosos en m\u00e1s de 18 \u00e1reas terap\u00e9uticas.\u00a0<\/span><\/p>\n<p><span style=\"font-weight: 400;\">Artemis Institute for Clinical Research tiene dos ubicaciones que prestan servicios en el sur de California en San Diego y Riverside. Cada sitio est\u00e1 completamente equipado para realizar estudios de investigaci\u00f3n cl\u00ednica complejos en nombre de nuestros patrocinadores y los pacientes del estudio.<\/span><\/p>\n<\/div>\n<\/div><\/div><\/div><\/div><\/div><\/div><!-- AddThis Advanced Settings generic via filter on the_content --><!-- AddThis Share Buttons generic via filter on the_content -->","protected":false},"excerpt":{"rendered":"<p>Artemis Institute for Clinical Research was established in 2008 by a group of colleagues with extensive clinical research experience, who shared a commitment to developing a more thoughtful and professional approach to conducting clinical &#8230; <a class=\"read-more\" title=\"FULL STORY\" href=\"https:\/\/artemis-research.com\/es\/about-artemis\/the-artemis-difference\/\">Ver Mas<\/a><!-- AddThis Advanced Settings generic via filter on get_the_excerpt --><!-- AddThis Share Buttons generic via filter on get_the_excerpt --><\/p>","protected":false},"author":16,"featured_media":214,"parent":12,"menu_order":0,"comment_status":"closed","ping_status":"closed","template":"","meta":{"_acf_changed":false,"_genesis_hide_title":false,"_genesis_hide_breadcrumbs":false,"_genesis_hide_singular_image":false,"_genesis_hide_footer_widgets":false,"_genesis_custom_body_class":"about-clinical-page","_genesis_custom_post_class":"","_genesis_layout":"","footnotes":""},"class_list":{"0":"post-291","1":"page","2":"type-page","3":"status-publish","4":"has-post-thumbnail","6":"entry"},"acf":[],"yoast_head":"<!-- This site is optimized with the Yoast SEO plugin v27.3 - https:\/\/yoast.com\/product\/yoast-seo-wordpress\/ -->\n<title>The Artemis Difference - Artemis Institute for Clinical Research<\/title>\n<meta name=\"robots\" content=\"index, follow, max-snippet:-1, max-image-preview:large, max-video-preview:-1\" \/>\n<link rel=\"canonical\" href=\"https:\/\/artemis-research.com\/es\/about-artemis\/the-artemis-difference\/\" \/>\n<meta property=\"og:locale\" content=\"es_MX\" \/>\n<meta property=\"og:type\" content=\"article\" \/>\n<meta property=\"og:title\" content=\"The Artemis Difference - Artemis Institute for Clinical Research\" \/>\n<meta property=\"og:description\" content=\"Artemis Institute for Clinical Research was established in 2008 by a group of colleagues with extensive clinical research experience, who shared a commitment to developing a more thoughtful and professional approach to conducting clinical ... Read More\" \/>\n<meta property=\"og:url\" content=\"https:\/\/artemis-research.com\/es\/about-artemis\/the-artemis-difference\/\" \/>\n<meta property=\"og:site_name\" content=\"Artemis Institute for Clinical Research\" \/>\n<meta property=\"article:modified_time\" content=\"2026-04-07T09:03:33+00:00\" \/>\n<meta property=\"og:image\" content=\"https:\/\/artemis-research.com\/wp-content\/uploads\/2020\/06\/About-Clinical-Trial-featured-image.jpg\" \/>\n\t<meta property=\"og:image:width\" content=\"1620\" \/>\n\t<meta property=\"og:image:height\" content=\"594\" \/>\n\t<meta property=\"og:image:type\" content=\"image\/jpeg\" \/>\n<meta name=\"twitter:card\" content=\"summary_large_image\" \/>\n<meta name=\"twitter:label1\" content=\"Tiempo de lectura\" \/>\n\t<meta name=\"twitter:data1\" content=\"1 minuto\" \/>\n<script type=\"application\/ld+json\" class=\"yoast-schema-graph\">{\"@context\":\"https:\\\/\\\/schema.org\",\"@graph\":[{\"@type\":\"WebPage\",\"@id\":\"https:\\\/\\\/artemis-research.com\\\/about-artemis\\\/the-artemis-difference\\\/\",\"url\":\"https:\\\/\\\/artemis-research.com\\\/about-artemis\\\/the-artemis-difference\\\/\",\"name\":\"The Artemis Difference - Artemis Institute for Clinical Research\",\"isPartOf\":{\"@id\":\"https:\\\/\\\/artemis-research.com\\\/es\\\/#website\"},\"primaryImageOfPage\":{\"@id\":\"https:\\\/\\\/artemis-research.com\\\/about-artemis\\\/the-artemis-difference\\\/#primaryimage\"},\"image\":{\"@id\":\"https:\\\/\\\/artemis-research.com\\\/about-artemis\\\/the-artemis-difference\\\/#primaryimage\"},\"thumbnailUrl\":\"https:\\\/\\\/artemis-research.com\\\/wp-content\\\/uploads\\\/2020\\\/06\\\/About-Clinical-Trial-featured-image.jpg\",\"datePublished\":\"2020-06-17T08:11:42+00:00\",\"dateModified\":\"2026-04-07T09:03:33+00:00\",\"breadcrumb\":{\"@id\":\"https:\\\/\\\/artemis-research.com\\\/about-artemis\\\/the-artemis-difference\\\/#breadcrumb\"},\"inLanguage\":\"es\",\"potentialAction\":[{\"@type\":\"ReadAction\",\"target\":[\"https:\\\/\\\/artemis-research.com\\\/about-artemis\\\/the-artemis-difference\\\/\"]}]},{\"@type\":\"ImageObject\",\"inLanguage\":\"es\",\"@id\":\"https:\\\/\\\/artemis-research.com\\\/about-artemis\\\/the-artemis-difference\\\/#primaryimage\",\"url\":\"https:\\\/\\\/artemis-research.com\\\/wp-content\\\/uploads\\\/2020\\\/06\\\/About-Clinical-Trial-featured-image.jpg\",\"contentUrl\":\"https:\\\/\\\/artemis-research.com\\\/wp-content\\\/uploads\\\/2020\\\/06\\\/About-Clinical-Trial-featured-image.jpg\",\"width\":1620,\"height\":594},{\"@type\":\"BreadcrumbList\",\"@id\":\"https:\\\/\\\/artemis-research.com\\\/about-artemis\\\/the-artemis-difference\\\/#breadcrumb\",\"itemListElement\":[{\"@type\":\"ListItem\",\"position\":1,\"name\":\"Home\",\"item\":\"https:\\\/\\\/artemis-research.com\\\/\"},{\"@type\":\"ListItem\",\"position\":2,\"name\":\"About Artemis\",\"item\":\"https:\\\/\\\/artemis-research.com\\\/about-artemis\\\/\"},{\"@type\":\"ListItem\",\"position\":3,\"name\":\"The Artemis Difference\"}]},{\"@type\":\"WebSite\",\"@id\":\"https:\\\/\\\/artemis-research.com\\\/es\\\/#website\",\"url\":\"https:\\\/\\\/artemis-research.com\\\/es\\\/\",\"name\":\"Artemis Institute for Clinical Research\",\"description\":\"\",\"potentialAction\":[{\"@type\":\"SearchAction\",\"target\":{\"@type\":\"EntryPoint\",\"urlTemplate\":\"https:\\\/\\\/artemis-research.com\\\/es\\\/?s={search_term_string}\"},\"query-input\":{\"@type\":\"PropertyValueSpecification\",\"valueRequired\":true,\"valueName\":\"search_term_string\"}}],\"inLanguage\":\"es\"}]}<\/script>\n<!-- \/ Yoast SEO plugin. -->","yoast_head_json":{"title":"The Artemis Difference - Artemis Institute for Clinical Research","robots":{"index":"index","follow":"follow","max-snippet":"max-snippet:-1","max-image-preview":"max-image-preview:large","max-video-preview":"max-video-preview:-1"},"canonical":"https:\/\/artemis-research.com\/es\/about-artemis\/the-artemis-difference\/","og_locale":"es_MX","og_type":"article","og_title":"The Artemis Difference - Artemis Institute for Clinical Research","og_description":"Artemis Institute for Clinical Research was established in 2008 by a group of colleagues with extensive clinical research experience, who shared a commitment to developing a more thoughtful and professional approach to conducting clinical ... Read More","og_url":"https:\/\/artemis-research.com\/es\/about-artemis\/the-artemis-difference\/","og_site_name":"Artemis Institute for Clinical Research","article_modified_time":"2026-04-07T09:03:33+00:00","og_image":[{"width":1620,"height":594,"url":"https:\/\/artemis-research.com\/wp-content\/uploads\/2020\/06\/About-Clinical-Trial-featured-image.jpg","type":"image\/jpeg"}],"twitter_card":"summary_large_image","twitter_misc":{"Tiempo de lectura":"1 minuto"},"schema":{"@context":"https:\/\/schema.org","@graph":[{"@type":"WebPage","@id":"https:\/\/artemis-research.com\/about-artemis\/the-artemis-difference\/","url":"https:\/\/artemis-research.com\/about-artemis\/the-artemis-difference\/","name":"The Artemis Difference - Artemis Institute for Clinical Research","isPartOf":{"@id":"https:\/\/artemis-research.com\/es\/#website"},"primaryImageOfPage":{"@id":"https:\/\/artemis-research.com\/about-artemis\/the-artemis-difference\/#primaryimage"},"image":{"@id":"https:\/\/artemis-research.com\/about-artemis\/the-artemis-difference\/#primaryimage"},"thumbnailUrl":"https:\/\/artemis-research.com\/wp-content\/uploads\/2020\/06\/About-Clinical-Trial-featured-image.jpg","datePublished":"2020-06-17T08:11:42+00:00","dateModified":"2026-04-07T09:03:33+00:00","breadcrumb":{"@id":"https:\/\/artemis-research.com\/about-artemis\/the-artemis-difference\/#breadcrumb"},"inLanguage":"es","potentialAction":[{"@type":"ReadAction","target":["https:\/\/artemis-research.com\/about-artemis\/the-artemis-difference\/"]}]},{"@type":"ImageObject","inLanguage":"es","@id":"https:\/\/artemis-research.com\/about-artemis\/the-artemis-difference\/#primaryimage","url":"https:\/\/artemis-research.com\/wp-content\/uploads\/2020\/06\/About-Clinical-Trial-featured-image.jpg","contentUrl":"https:\/\/artemis-research.com\/wp-content\/uploads\/2020\/06\/About-Clinical-Trial-featured-image.jpg","width":1620,"height":594},{"@type":"BreadcrumbList","@id":"https:\/\/artemis-research.com\/about-artemis\/the-artemis-difference\/#breadcrumb","itemListElement":[{"@type":"ListItem","position":1,"name":"Home","item":"https:\/\/artemis-research.com\/"},{"@type":"ListItem","position":2,"name":"About Artemis","item":"https:\/\/artemis-research.com\/about-artemis\/"},{"@type":"ListItem","position":3,"name":"The Artemis Difference"}]},{"@type":"WebSite","@id":"https:\/\/artemis-research.com\/es\/#website","url":"https:\/\/artemis-research.com\/es\/","name":"Artemis Institute for Clinical Research","description":"","potentialAction":[{"@type":"SearchAction","target":{"@type":"EntryPoint","urlTemplate":"https:\/\/artemis-research.com\/es\/?s={search_term_string}"},"query-input":{"@type":"PropertyValueSpecification","valueRequired":true,"valueName":"search_term_string"}}],"inLanguage":"es"}]}},"jetpack_sharing_enabled":true,"_links":{"self":[{"href":"https:\/\/artemis-research.com\/es\/wp-json\/wp\/v2\/pages\/291","targetHints":{"allow":["GET"]}}],"collection":[{"href":"https:\/\/artemis-research.com\/es\/wp-json\/wp\/v2\/pages"}],"about":[{"href":"https:\/\/artemis-research.com\/es\/wp-json\/wp\/v2\/types\/page"}],"author":[{"embeddable":true,"href":"https:\/\/artemis-research.com\/es\/wp-json\/wp\/v2\/users\/16"}],"replies":[{"embeddable":true,"href":"https:\/\/artemis-research.com\/es\/wp-json\/wp\/v2\/comments?post=291"}],"version-history":[{"count":1,"href":"https:\/\/artemis-research.com\/es\/wp-json\/wp\/v2\/pages\/291\/revisions"}],"predecessor-version":[{"id":1074,"href":"https:\/\/artemis-research.com\/es\/wp-json\/wp\/v2\/pages\/291\/revisions\/1074"}],"up":[{"embeddable":true,"href":"https:\/\/artemis-research.com\/es\/wp-json\/wp\/v2\/pages\/12"}],"wp:featuredmedia":[{"embeddable":true,"href":"https:\/\/artemis-research.com\/es\/wp-json\/wp\/v2\/media\/214"}],"wp:attachment":[{"href":"https:\/\/artemis-research.com\/es\/wp-json\/wp\/v2\/media?parent=291"}],"curies":[{"name":"wp","href":"https:\/\/api.w.org\/{rel}","templated":true}]}}