{"id":292,"date":"2020-06-17T08:11:54","date_gmt":"2020-06-17T08:11:54","guid":{"rendered":"https:\/\/artemisresearc.wpengine.com\/?page_id=292"},"modified":"2020-07-01T15:12:31","modified_gmt":"2020-07-01T15:12:31","slug":"patient-testimonials","status":"publish","type":"page","link":"https:\/\/artemis-research.com\/es\/about-artemis\/patient-testimonials\/","title":{"rendered":"Testimonios"},"content":{"rendered":"<div id=\"pl-292\"  class=\"panel-layout\" ><div id=\"pg-292-0\"  class=\"panel-grid panel-no-style\" ><div id=\"pgc-292-0-0\"  class=\"panel-grid-cell\" ><div id=\"panel-292-0-0-0\" class=\"so-panel widget widget_siteorigin-panels-postloop panel-first-child panel-last-child\" data-index=\"0\" ><div id=\"testimonial-wrapper\">    \t\t\t<div class=\"testimonial-listing\">\n                \t<blockquote>\n                \t\t\u201cPersonal amable, eficiente, entorno agradable, en general una experiencia muy positiva\u201d                    <\/blockquote>\n                    <div class=\"testimonial-listing-details\">\n                    \t<h3>C.H.<\/h3>\n                                           \t<\/div>\n            \t<\/div>\n        \t\t\t<div class=\"testimonial-listing\">\n                \t<blockquote>\n                \t\t\u201cMi experiencia en el laboratorio del sue\u00f1o es que los empleados fueron muy amables y profesionales. Sent\u00ed que estaba m\u00e1s despierto que dormido, ser\u00e1 interesante ver mis resultados\"                    <\/blockquote>\n                    <div class=\"testimonial-listing-details\">\n                    \t<h3>C.H.<\/h3>\n                                           \t<\/div>\n            \t<\/div>\n        \t\t\t<div class=\"testimonial-listing\">\n                \t<blockquote>\n                \t\t\u201cComplete un estudio de hospitalizaci\u00f3n de 5 semanas, gane m\u00e1s de $3K. El \u00e1rea de hospitalizaci\u00f3n estaba muy actualizada, camas agradables, TV de pantalla grande, Ipads y la comida le doy un A +. Las enfermeras \/ m\u00e9dicos \/ personal fueron muy atentos y profesionales. Definitivamente considerar\u00eda otro estudio para pacientes hospitalizados\"                    <\/blockquote>\n                    <div class=\"testimonial-listing-details\">\n                    \t<h3>C.B.<\/h3>\n                                           \t<\/div>\n            \t<\/div>\n        \t\t\t<div class=\"testimonial-listing\">\n                \t<blockquote>\n                \t\t\u201cAl estudio que yo fui dur\u00f3 un a\u00f1o.. El personal era amable y nunca tuve problemas con nadie. Y si me ayud\u00f3 con el problema que ten\u00eda\"                     <\/blockquote>\n                    <div class=\"testimonial-listing-details\">\n                    \t<h3>R.C.<\/h3>\n                                           \t<\/div>\n            \t<\/div>\n        \t\t\t<div class=\"testimonial-listing\">\n                \t<blockquote>\n                \t\t\u201cEl estudio en el que estuve se llev\u00f3 a cabo de manera profesional. El equipo trabaj\u00f3 bien conmigo y el ambiente es muy agradable. Me entristece terminar este estudio, pero han sido unos 18 meses fant\u00e1sticos\"                    <\/blockquote>\n                    <div class=\"testimonial-listing-details\">\n                    \t<h3>A.A.<\/h3>\n                                           \t<\/div>\n            \t<\/div>\n        \t\t\t<div class=\"testimonial-listing\">\n                \t<blockquote>\n                \t\t\u201cOficina muy limpia y profesional. Estuve en un estudio all\u00ed durante unos 4 meses y me gust\u00f3 mucho el personal; nunca me sent\u00ed inc\u00f3moda\"                    <\/blockquote>\n                    <div class=\"testimonial-listing-details\">\n                    \t<h3>M.A.<\/h3>\n                                           \t<\/div>\n            \t<\/div>\n        \t\t\t<div class=\"testimonial-listing\">\n                \t<blockquote>\n                \t\t\u201cEl equipo de investigaci\u00f3n fue muy amable, paciente y servicial. Siempre hay algo de incertidumbre en los estudios cl\u00ednicos, especialmente para aquellos que involucran medicamentos, pero las personas aqu\u00ed fueron excelentes para disipar todas y cada una de las dudas sobre c\u00f3mo seguir adelante con su investigaci\u00f3n\"                    <\/blockquote>\n                    <div class=\"testimonial-listing-details\">\n                    \t<h3>M.G.<\/h3>\n                                           \t<\/div>\n            \t<\/div>\n        \t\t\t<div class=\"testimonial-listing\">\n                \t<blockquote>\n                \t\t\u201cBueno como est\u00e1. Gran personal, experiencia, acogedor, alegre. Los mejores t\u00e9cnicos, enfermeras profesionales y m\u00e9dicos en investigaci\u00f3n cl\u00ednica\"                     <\/blockquote>\n                    <div class=\"testimonial-listing-details\">\n                    \t<h3>Y.D.<\/h3>\n                                           \t<\/div>\n            \t<\/div>\n        \t\t\t<div class=\"testimonial-listing\">\n                \t<blockquote>\n                \t\t\u201cMi experiencia en general fue excelente. El personal es muy atento y brinda un excelente nivel de atenci\u00f3n. Desde la primera llamada telef\u00f3nica fueron simplemente incre\u00edbles. Adriana y Sunny hicieron que mi experiencia fuera tranquila y agradable. Me tranquilizaron durante todas las pruebas. Me proporcionaron transporte hacia y desde todas mis visitas fueron una ventaja adicional. Definitivamente recomendar\u00eda a Artemis\"                    <\/blockquote>\n                    <div class=\"testimonial-listing-details\">\n                    \t<h3>A.J.<\/h3>\n                                           \t<\/div>\n            \t<\/div>\n        \t\t\t<div class=\"testimonial-listing\">\n                \t<blockquote>\n                \t\t\u201c\u00a1Estaba en un estudio continuo y este se convirti\u00f3 en mi lugar feliz! Esperaba ver a mis m\u00e9dicos y enfermeras todas las semanas. Muy profesional y confidencial\"                    <\/blockquote>\n                    <div class=\"testimonial-listing-details\">\n                    \t<h3>S.P.<\/h3>\n                                           \t<\/div>\n            \t<\/div>\n    <\/div><\/div><\/div><\/div><\/div><!-- AddThis Advanced Settings generic via filter on the_content --><!-- AddThis Share Buttons generic via filter on the_content -->","protected":false},"excerpt":{"rendered":"<p>\u201cFriendly, efficient staff, pleasant setting, all in all a very positive experience.\u201d C.H. \u201cMy experience at the sleep lab is that the employees were very nice and professional. I felt like I was awake &#8230; <a class=\"read-more\" title=\"FULL STORY\" href=\"https:\/\/artemis-research.com\/es\/about-artemis\/patient-testimonials\/\">Ver Mas<\/a><!-- AddThis Advanced Settings generic via filter on get_the_excerpt --><!-- AddThis Share Buttons generic via filter on get_the_excerpt --><\/p>","protected":false},"author":13,"featured_media":0,"parent":12,"menu_order":0,"comment_status":"closed","ping_status":"closed","template":"","meta":{"_acf_changed":false,"_genesis_hide_title":false,"_genesis_hide_breadcrumbs":false,"_genesis_hide_singular_image":false,"_genesis_hide_footer_widgets":false,"_genesis_custom_body_class":"study-area-page","_genesis_custom_post_class":"","_genesis_layout":"","footnotes":""},"class_list":{"0":"post-292","1":"page","2":"type-page","3":"status-publish","5":"entry"},"acf":[],"yoast_head":"<!-- This site is optimized with the Yoast SEO plugin v27.1.1 - https:\/\/yoast.com\/product\/yoast-seo-wordpress\/ -->\n<title>Patient Testimonials - Artemis Institute for Clinical Research<\/title>\n<meta name=\"robots\" content=\"index, follow, max-snippet:-1, max-image-preview:large, max-video-preview:-1\" \/>\n<link rel=\"canonical\" href=\"https:\/\/artemis-research.com\/es\/about-artemis\/patient-testimonials\/\" \/>\n<meta property=\"og:locale\" content=\"es_MX\" \/>\n<meta property=\"og:type\" content=\"article\" \/>\n<meta property=\"og:title\" content=\"Patient Testimonials - Artemis Institute for Clinical Research\" \/>\n<meta property=\"og:description\" content=\"\u201cFriendly, efficient staff, pleasant setting, all in all a very positive experience.\u201d C.H. \u201cMy experience at the sleep lab is that the employees were very nice and professional. I felt like I was awake ... Read More\" \/>\n<meta property=\"og:url\" content=\"https:\/\/artemis-research.com\/es\/about-artemis\/patient-testimonials\/\" \/>\n<meta property=\"og:site_name\" content=\"Artemis Institute for Clinical Research\" \/>\n<meta property=\"article:modified_time\" content=\"2020-07-01T15:12:31+00:00\" \/>\n<meta name=\"twitter:card\" content=\"summary_large_image\" \/>\n<script type=\"application\/ld+json\" class=\"yoast-schema-graph\">{\"@context\":\"https:\/\/schema.org\",\"@graph\":[{\"@type\":\"WebPage\",\"@id\":\"https:\/\/artemis-research.com\/about-artemis\/patient-testimonials\/\",\"url\":\"https:\/\/artemis-research.com\/about-artemis\/patient-testimonials\/\",\"name\":\"Patient Testimonials - Artemis Institute for Clinical Research\",\"isPartOf\":{\"@id\":\"https:\/\/artemis-research.com\/es\/#website\"},\"datePublished\":\"2020-06-17T08:11:54+00:00\",\"dateModified\":\"2020-07-01T15:12:31+00:00\",\"breadcrumb\":{\"@id\":\"https:\/\/artemis-research.com\/about-artemis\/patient-testimonials\/#breadcrumb\"},\"inLanguage\":\"es\",\"potentialAction\":[{\"@type\":\"ReadAction\",\"target\":[\"https:\/\/artemis-research.com\/about-artemis\/patient-testimonials\/\"]}]},{\"@type\":\"BreadcrumbList\",\"@id\":\"https:\/\/artemis-research.com\/about-artemis\/patient-testimonials\/#breadcrumb\",\"itemListElement\":[{\"@type\":\"ListItem\",\"position\":1,\"name\":\"Home\",\"item\":\"https:\/\/artemis-research.com\/\"},{\"@type\":\"ListItem\",\"position\":2,\"name\":\"About Artemis\",\"item\":\"https:\/\/artemis-research.com\/es\/about-artemis\/\"},{\"@type\":\"ListItem\",\"position\":3,\"name\":\"Patient Testimonials\"}]},{\"@type\":\"WebSite\",\"@id\":\"https:\/\/artemis-research.com\/es\/#website\",\"url\":\"https:\/\/artemis-research.com\/es\/\",\"name\":\"Artemis Institute for Clinical Research\",\"description\":\"\",\"potentialAction\":[{\"@type\":\"SearchAction\",\"target\":{\"@type\":\"EntryPoint\",\"urlTemplate\":\"https:\/\/artemis-research.com\/es\/?s={search_term_string}\"},\"query-input\":{\"@type\":\"PropertyValueSpecification\",\"valueRequired\":true,\"valueName\":\"search_term_string\"}}],\"inLanguage\":\"es\"}]}<\/script>\n<!-- \/ Yoast SEO plugin. -->","yoast_head_json":{"title":"Patient Testimonials - Artemis Institute for Clinical Research","robots":{"index":"index","follow":"follow","max-snippet":"max-snippet:-1","max-image-preview":"max-image-preview:large","max-video-preview":"max-video-preview:-1"},"canonical":"https:\/\/artemis-research.com\/es\/about-artemis\/patient-testimonials\/","og_locale":"es_MX","og_type":"article","og_title":"Patient Testimonials - Artemis Institute for Clinical Research","og_description":"\u201cFriendly, efficient staff, pleasant setting, all in all a very positive experience.\u201d C.H. \u201cMy experience at the sleep lab is that the employees were very nice and professional. I felt like I was awake ... Read More","og_url":"https:\/\/artemis-research.com\/es\/about-artemis\/patient-testimonials\/","og_site_name":"Artemis Institute for Clinical Research","article_modified_time":"2020-07-01T15:12:31+00:00","twitter_card":"summary_large_image","schema":{"@context":"https:\/\/schema.org","@graph":[{"@type":"WebPage","@id":"https:\/\/artemis-research.com\/about-artemis\/patient-testimonials\/","url":"https:\/\/artemis-research.com\/about-artemis\/patient-testimonials\/","name":"Patient Testimonials - Artemis Institute for Clinical Research","isPartOf":{"@id":"https:\/\/artemis-research.com\/es\/#website"},"datePublished":"2020-06-17T08:11:54+00:00","dateModified":"2020-07-01T15:12:31+00:00","breadcrumb":{"@id":"https:\/\/artemis-research.com\/about-artemis\/patient-testimonials\/#breadcrumb"},"inLanguage":"es","potentialAction":[{"@type":"ReadAction","target":["https:\/\/artemis-research.com\/about-artemis\/patient-testimonials\/"]}]},{"@type":"BreadcrumbList","@id":"https:\/\/artemis-research.com\/about-artemis\/patient-testimonials\/#breadcrumb","itemListElement":[{"@type":"ListItem","position":1,"name":"Home","item":"https:\/\/artemis-research.com\/"},{"@type":"ListItem","position":2,"name":"About Artemis","item":"https:\/\/artemis-research.com\/es\/about-artemis\/"},{"@type":"ListItem","position":3,"name":"Patient Testimonials"}]},{"@type":"WebSite","@id":"https:\/\/artemis-research.com\/es\/#website","url":"https:\/\/artemis-research.com\/es\/","name":"Artemis Institute for Clinical Research","description":"","potentialAction":[{"@type":"SearchAction","target":{"@type":"EntryPoint","urlTemplate":"https:\/\/artemis-research.com\/es\/?s={search_term_string}"},"query-input":{"@type":"PropertyValueSpecification","valueRequired":true,"valueName":"search_term_string"}}],"inLanguage":"es"}]}},"_links":{"self":[{"href":"https:\/\/artemis-research.com\/es\/wp-json\/wp\/v2\/pages\/292","targetHints":{"allow":["GET"]}}],"collection":[{"href":"https:\/\/artemis-research.com\/es\/wp-json\/wp\/v2\/pages"}],"about":[{"href":"https:\/\/artemis-research.com\/es\/wp-json\/wp\/v2\/types\/page"}],"author":[{"embeddable":true,"href":"https:\/\/artemis-research.com\/es\/wp-json\/wp\/v2\/users\/13"}],"replies":[{"embeddable":true,"href":"https:\/\/artemis-research.com\/es\/wp-json\/wp\/v2\/comments?post=292"}],"version-history":[{"count":0,"href":"https:\/\/artemis-research.com\/es\/wp-json\/wp\/v2\/pages\/292\/revisions"}],"up":[{"embeddable":true,"href":"https:\/\/artemis-research.com\/es\/wp-json\/wp\/v2\/pages\/12"}],"wp:attachment":[{"href":"https:\/\/artemis-research.com\/es\/wp-json\/wp\/v2\/media?parent=292"}],"curies":[{"name":"wp","href":"https:\/\/api.w.org\/{rel}","templated":true}]}}