{"id":3,"date":"2020-06-10T08:01:22","date_gmt":"2020-06-10T08:01:22","guid":{"rendered":"https:\/\/artemisresearc.wpengine.com\/?page_id=3"},"modified":"2020-07-16T19:58:27","modified_gmt":"2020-07-16T19:58:27","slug":"privacy-policy","status":"publish","type":"page","link":"https:\/\/artemis-research.com\/es\/privacy-policy\/","title":{"rendered":"Privacidad"},"content":{"rendered":"<div id=\"pl-3\"  class=\"panel-layout\" ><div id=\"pg-3-0\"  class=\"panel-grid panel-has-style\" ><div class=\"small-container panel-row-style panel-row-style-for-3-0\" ><div id=\"pgc-3-0-0\"  class=\"panel-grid-cell\" ><div id=\"panel-3-0-0-0\" class=\"so-panel widget widget_sow-editor panel-first-child panel-last-child\" data-index=\"0\" ><div class=\"left-border-line panel-widget-style panel-widget-style-for-3-0-0-0\" ><div\n\t\t\t\n\t\t\tclass=\"so-widget-sow-editor so-widget-sow-editor-base\"\n\t\t\t\n\t\t>\n<div class=\"siteorigin-widget-tinymce textwidget\">\n\t<p>Nos tomamos en serio su privacidad.<\/p>\n<p>Lo siguiente se aplica a la informaci\u00f3n recopilada por este sitio web. Si desea obtener m\u00e1s informaci\u00f3n sobre nuestra pol\u00edtica de privacidad para estudios cl\u00ednicos, comun\u00edquese con nosotros.<\/p>\n<p>1.\u00a0<strong>Recopilaci\u00f3n, uso e intercambio de informaci\u00f3n<\/strong><\/p>\n<p>Nuestro sitio utiliza Google Analytics, un servicio de an\u00e1lisis web de Google Inc. (Google). Google Analytics utiliza cookies, que son archivos de texto almacenados en su computadora para permitirle analizar el uso del sitio. La informaci\u00f3n generada por la cookie sobre su uso de este sitio generalmente se transmite a un servidor de Google en los Estados Unidos y se almacena all\u00ed. En nombre del Instituto Artemis de Investigaci\u00f3n Cl\u00ednica, Google utilizar\u00e1 esta informaci\u00f3n para evaluar su uso del sitio, compilar informes sobre las actividades del sitio y brindarnos m\u00e1s servicios relacionados con el uso del sitio y de Internet. La direcci\u00f3n IP enviada desde su navegador como parte de Google Analytics no se fusiona con otros datos de Google. Puede evitar la recopilaci\u00f3n de datos a trav\u00e9s de Google Analytics haciendo clic en el siguiente enlace. Desactivar Google Analytics Esto colocar\u00e1 una cookie de exclusi\u00f3n voluntaria en su sistema que evitar\u00e1 la recopilaci\u00f3n de datos en el futuro cuando visite este sitio. Sin embargo, en este caso, tenga en cuenta que es posible que no pueda utilizar todas las funciones que ofrece este sitio.\u00a0<a>Desactivar Google Analytics<\/a>\u00a0This will place an opt-out cookie on your system that will prevent future data collection when visiting this site. In this case, however, please note that you might not be able to fully use all functions offered by this site.<\/p>\n<p>2.\u00a0<strong>Su acceso y control sobre la informaci\u00f3n que comparte<\/strong><\/p>\n<p>Su acceso y control sobre la informaci\u00f3n que comparte<\/p>\n<p>Puede:<\/p>\n<ul>\n<li>Optar por no recibir comunicaciones futuras de nuestra parte.<\/li>\n<li>Vea qu\u00e9 informaci\u00f3n tenemos sobre usted, si la hay.<\/li>\n<li>Corrija o cambie esa informaci\u00f3n.<\/li>\n<li>Haga que eliminemos esa informaci\u00f3n.<\/li>\n<\/ul>\n<p>3.\u00a0<strong>Seguridad<\/strong><\/p>\n<p>Tomamos todas las precauciones razonables para proteger sus datos tanto en l\u00ednea como fuera de l\u00ednea. Su informaci\u00f3n se almacena en un entorno seguro. Solo los empleados que necesiten la informaci\u00f3n para responder a sus preguntas y \/ o para ayudar a determinar si usted es apto para uno de nuestros estudios tendr\u00e1n acceso a la informaci\u00f3n que nos proporcione.<\/p>\n<p>4.\u00a0<strong>Actualizaciones de la pol\u00edtica de privacidad<\/strong><\/p>\n<p>Si necesitamos actualizar nuestra pol\u00edtica de privacidad debido a cambios en la tecnolog\u00eda o el negocio, publicaremos un mensaje destacado en nuestro sitio web.<\/p>\n<p>No dude en contactarnos sobre esta pol\u00edtica de privacidad, cualquier inquietud que pueda tener sobre sus datos personales y cualquier pregunta que pueda tener sobre si cumplimos con los t\u00e9rminos de esta pol\u00edtica de privacidad. Nuestro n\u00famero de tel\u00e9fono es 855-367-8834, o puede enviarnos un correo electr\u00f3nico a <a>info@artemis-research.com<\/a>.<\/p>\n<\/div>\n<\/div><\/div><\/div><\/div><\/div><\/div><\/div><!-- AddThis Advanced Settings generic via filter on the_content --><!-- AddThis Share Buttons generic via filter on the_content -->","protected":false},"excerpt":{"rendered":"<p>We take your privacy seriously. The following applies to information collected by this website. If you\u2019d like to learn more about our privacy policy for clinical studies, please contact us. 1.\u00a0Information Collection, Use, and &#8230; <a class=\"read-more\" title=\"FULL STORY\" href=\"https:\/\/artemis-research.com\/es\/privacy-policy\/\">Ver Mas<\/a><!-- AddThis Advanced Settings generic via filter on get_the_excerpt --><!-- AddThis Share Buttons generic via filter on get_the_excerpt --><\/p>","protected":false},"author":13,"featured_media":0,"parent":0,"menu_order":0,"comment_status":"closed","ping_status":"open","template":"","meta":{"_acf_changed":false,"_genesis_hide_title":false,"_genesis_hide_breadcrumbs":false,"_genesis_hide_singular_image":false,"_genesis_hide_footer_widgets":false,"_genesis_custom_body_class":"study-area-page","_genesis_custom_post_class":"","_genesis_layout":"","footnotes":""},"class_list":{"0":"post-3","1":"page","2":"type-page","3":"status-publish","5":"entry"},"acf":[],"yoast_head":"<!-- This site is optimized with the Yoast SEO plugin v27.1.1 - https:\/\/yoast.com\/product\/yoast-seo-wordpress\/ -->\n<title>Privacy Policy - Artemis Institute for Clinical Research<\/title>\n<meta name=\"robots\" content=\"index, follow, max-snippet:-1, max-image-preview:large, max-video-preview:-1\" \/>\n<link rel=\"canonical\" href=\"https:\/\/artemis-research.com\/es\/privacy-policy\/\" \/>\n<meta property=\"og:locale\" content=\"es_MX\" \/>\n<meta property=\"og:type\" content=\"article\" \/>\n<meta property=\"og:title\" content=\"Privacy Policy - Artemis Institute for Clinical Research\" \/>\n<meta property=\"og:description\" content=\"We take your privacy seriously. The following applies to information collected by this website. If you\u2019d like to learn more about our privacy policy for clinical studies, please contact us. 1.\u00a0Information Collection, Use, and ... Read More\" \/>\n<meta property=\"og:url\" content=\"https:\/\/artemis-research.com\/es\/privacy-policy\/\" \/>\n<meta property=\"og:site_name\" content=\"Artemis Institute for Clinical Research\" \/>\n<meta property=\"article:modified_time\" content=\"2020-07-16T19:58:27+00:00\" \/>\n<meta name=\"twitter:card\" content=\"summary_large_image\" \/>\n<meta name=\"twitter:label1\" content=\"Tiempo de lectura\" \/>\n\t<meta name=\"twitter:data1\" content=\"2 minutos\" \/>\n<script type=\"application\/ld+json\" class=\"yoast-schema-graph\">{\"@context\":\"https:\/\/schema.org\",\"@graph\":[{\"@type\":\"WebPage\",\"@id\":\"https:\/\/artemis-research.com\/es\/privacy-policy\/\",\"url\":\"https:\/\/artemis-research.com\/es\/privacy-policy\/\",\"name\":\"Privacy Policy - Artemis Institute for Clinical Research\",\"isPartOf\":{\"@id\":\"https:\/\/artemis-research.com\/es\/#website\"},\"datePublished\":\"2020-06-10T08:01:22+00:00\",\"dateModified\":\"2020-07-16T19:58:27+00:00\",\"breadcrumb\":{\"@id\":\"https:\/\/artemis-research.com\/es\/privacy-policy\/#breadcrumb\"},\"inLanguage\":\"es\",\"potentialAction\":[{\"@type\":\"ReadAction\",\"target\":[\"https:\/\/artemis-research.com\/es\/privacy-policy\/\"]}]},{\"@type\":\"BreadcrumbList\",\"@id\":\"https:\/\/artemis-research.com\/es\/privacy-policy\/#breadcrumb\",\"itemListElement\":[{\"@type\":\"ListItem\",\"position\":1,\"name\":\"Home\",\"item\":\"https:\/\/artemis-research.com\/\"},{\"@type\":\"ListItem\",\"position\":2,\"name\":\"Privacy Policy\"}]},{\"@type\":\"WebSite\",\"@id\":\"https:\/\/artemis-research.com\/es\/#website\",\"url\":\"https:\/\/artemis-research.com\/es\/\",\"name\":\"Artemis Institute for Clinical Research\",\"description\":\"\",\"potentialAction\":[{\"@type\":\"SearchAction\",\"target\":{\"@type\":\"EntryPoint\",\"urlTemplate\":\"https:\/\/artemis-research.com\/es\/?s={search_term_string}\"},\"query-input\":{\"@type\":\"PropertyValueSpecification\",\"valueRequired\":true,\"valueName\":\"search_term_string\"}}],\"inLanguage\":\"es\"}]}<\/script>\n<!-- \/ Yoast SEO plugin. -->","yoast_head_json":{"title":"Privacy Policy - Artemis Institute for Clinical Research","robots":{"index":"index","follow":"follow","max-snippet":"max-snippet:-1","max-image-preview":"max-image-preview:large","max-video-preview":"max-video-preview:-1"},"canonical":"https:\/\/artemis-research.com\/es\/privacy-policy\/","og_locale":"es_MX","og_type":"article","og_title":"Privacy Policy - Artemis Institute for Clinical Research","og_description":"We take your privacy seriously. The following applies to information collected by this website. If you\u2019d like to learn more about our privacy policy for clinical studies, please contact us. 1.\u00a0Information Collection, Use, and ... Read More","og_url":"https:\/\/artemis-research.com\/es\/privacy-policy\/","og_site_name":"Artemis Institute for Clinical Research","article_modified_time":"2020-07-16T19:58:27+00:00","twitter_card":"summary_large_image","twitter_misc":{"Tiempo de lectura":"2 minutos"},"schema":{"@context":"https:\/\/schema.org","@graph":[{"@type":"WebPage","@id":"https:\/\/artemis-research.com\/es\/privacy-policy\/","url":"https:\/\/artemis-research.com\/es\/privacy-policy\/","name":"Privacy Policy - Artemis Institute for Clinical Research","isPartOf":{"@id":"https:\/\/artemis-research.com\/es\/#website"},"datePublished":"2020-06-10T08:01:22+00:00","dateModified":"2020-07-16T19:58:27+00:00","breadcrumb":{"@id":"https:\/\/artemis-research.com\/es\/privacy-policy\/#breadcrumb"},"inLanguage":"es","potentialAction":[{"@type":"ReadAction","target":["https:\/\/artemis-research.com\/es\/privacy-policy\/"]}]},{"@type":"BreadcrumbList","@id":"https:\/\/artemis-research.com\/es\/privacy-policy\/#breadcrumb","itemListElement":[{"@type":"ListItem","position":1,"name":"Home","item":"https:\/\/artemis-research.com\/"},{"@type":"ListItem","position":2,"name":"Privacy Policy"}]},{"@type":"WebSite","@id":"https:\/\/artemis-research.com\/es\/#website","url":"https:\/\/artemis-research.com\/es\/","name":"Artemis Institute for Clinical Research","description":"","potentialAction":[{"@type":"SearchAction","target":{"@type":"EntryPoint","urlTemplate":"https:\/\/artemis-research.com\/es\/?s={search_term_string}"},"query-input":{"@type":"PropertyValueSpecification","valueRequired":true,"valueName":"search_term_string"}}],"inLanguage":"es"}]}},"jetpack_sharing_enabled":true,"_links":{"self":[{"href":"https:\/\/artemis-research.com\/es\/wp-json\/wp\/v2\/pages\/3","targetHints":{"allow":["GET"]}}],"collection":[{"href":"https:\/\/artemis-research.com\/es\/wp-json\/wp\/v2\/pages"}],"about":[{"href":"https:\/\/artemis-research.com\/es\/wp-json\/wp\/v2\/types\/page"}],"author":[{"embeddable":true,"href":"https:\/\/artemis-research.com\/es\/wp-json\/wp\/v2\/users\/13"}],"replies":[{"embeddable":true,"href":"https:\/\/artemis-research.com\/es\/wp-json\/wp\/v2\/comments?post=3"}],"version-history":[{"count":0,"href":"https:\/\/artemis-research.com\/es\/wp-json\/wp\/v2\/pages\/3\/revisions"}],"wp:attachment":[{"href":"https:\/\/artemis-research.com\/es\/wp-json\/wp\/v2\/media?parent=3"}],"curies":[{"name":"wp","href":"https:\/\/api.w.org\/{rel}","templated":true}]}}