{"id":694,"date":"2022-04-22T17:17:40","date_gmt":"2022-04-22T17:17:40","guid":{"rendered":"https:\/\/artemis-research.com\/?page_id=694"},"modified":"2022-05-06T17:51:28","modified_gmt":"2022-05-06T17:51:28","slug":"phase-1","status":"publish","type":"page","link":"https:\/\/artemis-research.com\/es\/phase-1\/","title":{"rendered":"Fase 1"},"content":{"rendered":"<div id=\"pl-694\"  class=\"panel-layout\" ><div id=\"pg-694-0\"  class=\"panel-grid panel-has-style\" ><div class=\"styled-image-box panel-row-style panel-row-style-for-694-0\" ><div id=\"pgc-694-0-0\"  class=\"panel-grid-cell\" ><div id=\"panel-694-0-0-0\" class=\"so-panel widget widget_sow-image panel-first-child panel-last-child\" data-index=\"0\" ><div\n\t\t\t\n\t\t\tclass=\"so-widget-sow-image so-widget-sow-image-default-8b5b6f678277-694\"\n\t\t\t\n\t\t>\n<div class=\"sow-image-container\">\n\t\t<img fetchpriority=\"high\" \n\tsrc=\"https:\/\/artemis-research.com\/wp-content\/uploads\/2022\/04\/GettyImages-504702744-scaled-e1650650735251.jpg\" width=\"1170\" height=\"780\" sizes=\"(max-width: 1170px) 100vw, 1170px\" title=\"Portrait Of Medical Staff At Nurse&#039;s Station In Hospital\" alt=\"Why join a critical trial\" \t\tclass=\"so-widget-image\"\/>\n\t<\/div>\n\n<\/div><\/div><\/div><div id=\"pgc-694-0-1\"  class=\"panel-grid-cell\" ><div id=\"panel-694-0-1-0\" class=\"so-panel widget widget_sow-editor panel-first-child panel-last-child\" data-index=\"1\" ><div class=\"left-border-line panel-widget-style panel-widget-style-for-694-0-1-0\" ><div\n\t\t\t\n\t\t\tclass=\"so-widget-sow-editor so-widget-sow-editor-base\"\n\t\t\t\n\t\t>\n<div class=\"siteorigin-widget-tinymce textwidget\">\n\t<h5>La unidad de investigaci\u00f3n cl\u00ednica de Artemis ha realizado m\u00e1s de 30 ensayos desde su apertura en 2017.<\/h5>\n<p>La unidad ofrece un espacio para ensayos cl\u00ednicos, una farmacia de investigaci\u00f3n y servicios de \u00faltima generaci\u00f3n, desde enfermer\u00eda y coordinaci\u00f3n cl\u00ednica hasta supervisi\u00f3n m\u00e9dica y reconstituci\u00f3n de medicamentos. La experiencia del paciente es lo m\u00e1s importante para nosotros. Brindamos servicios de comedor, entretenimiento y empleamos especialistas en recreaci\u00f3n de pacientes para garantizar que nuestros sujetos participen y, por lo tanto, se mantengan durante toda la duraci\u00f3n de su participaci\u00f3n en el ensayo. La unidad est\u00e1 operativa las 24 horas del d\u00eda, los 7 d\u00edas de la semana, con personal experto y m\u00e9dicos que pueden estar disponibles para nuestros pacientes en cualquier momento durante su visita.<\/p>\n<p>Artemis Research se encuentra en un \u00e1rea con una poblaci\u00f3n saludable de voluntarios de las comunidades circundantes, incluidas m\u00e1s de 4 universidades importantes a poca distancia de nuestro sitio. Tambi\u00e9n tenemos acceso a una poblaci\u00f3n diversificada para incluir grupos \u00e9tnicos y de edad con una base de datos de m\u00e1s de 75,000 pacientes.<\/p>\n<\/div>\n<\/div><\/div><\/div><\/div><\/div><\/div><div id=\"pg-694-1\"  class=\"panel-grid panel-has-style\" ><div class=\"small-container panel-row-style panel-row-style-for-694-1\" ><div id=\"pgc-694-1-0\"  class=\"panel-grid-cell\" ><div id=\"panel-694-1-0-0\" class=\"so-panel widget widget_sow-editor panel-first-child\" data-index=\"2\" ><div class=\"left-border-line panel-widget-style panel-widget-style-for-694-1-0-0\" ><div\n\t\t\t\n\t\t\tclass=\"so-widget-sow-editor so-widget-sow-editor-base\"\n\t\t\t\n\t\t>\n<div class=\"siteorigin-widget-tinymce textwidget\">\n\t<h3><strong>Aspectos destacados de la unidad de investigaci\u00f3n cl\u00ednica<\/strong><\/h3>\n<h4><strong>Destacados<\/strong><\/h4>\n<ul>\n<li>Base de datos de pacientes de m\u00e1s de 75.000<\/li>\n<li style=\"font-weight: 400;\" aria-level=\"1\"><span style=\"font-weight: 400;\">Sala de pacientes, comedor, ducha y 2 ba\u00f1os privados\u00a0<\/span><\/li>\n<li style=\"font-weight: 400;\" aria-level=\"1\"><span style=\"font-weight: 400;\">12 camas, incluidas 4 habitaciones privadas \u00a0<\/span><\/li>\n<li style=\"font-weight: 400;\" aria-level=\"1\"><span style=\"font-weight: 400;\">3 salas con capacidades polisomnogr\u00e1ficas completas para pruebas y an\u00e1lisis avanzados del sue\u00f1o<br \/>\nadvanced sleep testing and analysis<\/span><\/li>\n<li aria-level=\"1\">Farmacia exclusiva, tina y estaci\u00f3n de enfermer\u00eda cerrada para hasta 4 miembros del personal<\/li>\n<\/ul>\n<\/div>\n<\/div><\/div><\/div><div id=\"panel-694-1-0-1\" class=\"so-panel widget widget_siteorigin-panels-builder\" data-index=\"3\" ><div id=\"pl-w62756020e2757\"  class=\"panel-layout\" ><div id=\"pg-w62756020e2757-0\"  class=\"panel-grid panel-has-style\" ><div class=\"panel-row-style panel-row-style-for-w62756020e2757-0\" ><div id=\"pgc-w62756020e2757-0-0\"  class=\"panel-grid-cell\" ><div id=\"panel-w62756020e2757-0-0-0\" class=\"so-panel widget widget_sow-editor panel-first-child panel-last-child\" data-index=\"0\" ><div\n\t\t\t\n\t\t\tclass=\"so-widget-sow-editor so-widget-sow-editor-base\"\n\t\t\t\n\t\t>\n<div class=\"siteorigin-widget-tinymce textwidget\">\n\t<h5><img decoding=\"async\" class=\"alignleft  wp-image-700\" src=\"https:\/\/artemis-research.com\/wp-content\/uploads\/2022\/04\/ClinicalTrial-stat-icon2.png\" alt=\"\" width=\"84\" height=\"72\" srcset=\"https:\/\/artemis-research.com\/wp-content\/uploads\/2022\/04\/ClinicalTrial-stat-icon2.png 334w, https:\/\/artemis-research.com\/wp-content\/uploads\/2022\/04\/ClinicalTrial-stat-icon2-300x258.png 300w, https:\/\/artemis-research.com\/wp-content\/uploads\/2022\/04\/ClinicalTrial-stat-icon2-14x12.png 14w\" sizes=\"(max-width: 84px) 100vw, 84px\" \/><br \/>\nM\u00e1s de 30 ensayos cl\u00ednicos<\/h5>\n<\/div>\n<\/div><\/div><\/div><div id=\"pgc-w62756020e2757-0-1\"  class=\"panel-grid-cell\" ><div id=\"panel-w62756020e2757-0-1-0\" class=\"so-panel widget widget_sow-editor panel-first-child panel-last-child\" data-index=\"1\" ><div\n\t\t\t\n\t\t\tclass=\"so-widget-sow-editor so-widget-sow-editor-base\"\n\t\t\t\n\t\t>\n<div class=\"siteorigin-widget-tinymce textwidget\">\n\t<h5><img decoding=\"async\" class=\"wp-image-697 alignleft\" src=\"https:\/\/artemis-research.com\/wp-content\/uploads\/2022\/04\/Staff-Monitor-staticon-300x243.png\" alt=\"\" width=\"89\" height=\"72\" srcset=\"https:\/\/artemis-research.com\/wp-content\/uploads\/2022\/04\/Staff-Monitor-staticon-300x243.png 300w, https:\/\/artemis-research.com\/wp-content\/uploads\/2022\/04\/Staff-Monitor-staticon-15x12.png 15w, https:\/\/artemis-research.com\/wp-content\/uploads\/2022\/04\/Staff-Monitor-staticon.png 355w\" sizes=\"(max-width: 89px) 100vw, 89px\" \/><br \/>\nCon personal y monitoreados las 24 horas del d\u00eda, los 7 d\u00edas de la semana<\/h5>\n<\/div>\n<\/div><\/div><\/div><\/div><\/div><\/div><\/div><div id=\"panel-694-1-0-2\" class=\"so-panel widget widget_sow-editor\" data-index=\"4\" ><div\n\t\t\t\n\t\t\tclass=\"so-widget-sow-editor so-widget-sow-editor-base\"\n\t\t\t\n\t\t>\n<div class=\"siteorigin-widget-tinymce textwidget\">\n\t<p><center><a class=\"btn\" href=\"https:\/\/artemis-research.com\/wp-content\/uploads\/2022\/04\/Artemis-CRU-Flyer-v2-Phase-1.pdf\" target=\"_blank\" rel=\"noopener\">Descargar informaci\u00f3n<\/a><\/center><\/p>\n<\/div>\n<\/div><\/div><div id=\"panel-694-1-0-3\" class=\"so-panel widget widget_sow-editor panel-last-child\" data-index=\"5\" ><div\n\t\t\t\n\t\t\tclass=\"so-widget-sow-editor so-widget-sow-editor-base\"\n\t\t\t\n\t\t>\n<div class=\"siteorigin-widget-tinymce textwidget\">\n\t<\/div>\n<\/div><\/div><\/div><\/div><\/div><div id=\"pg-694-2\"  class=\"panel-grid panel-has-style\" ><div class=\"putting-our-patients heading-icon siteorigin-panels-stretch panel-row-style panel-row-style-for-694-2\" data-stretch-type=\"full\" ><div id=\"pgc-694-2-0\"  class=\"panel-grid-cell\" ><div id=\"panel-694-2-0-0\" class=\"so-panel widget widget_sow-editor panel-first-child\" data-index=\"6\" ><div class=\"back-large-heading panel-widget-style panel-widget-style-for-694-2-0-0\" ><div\n\t\t\t\n\t\t\tclass=\"so-widget-sow-editor so-widget-sow-editor-base\"\n\t\t\t\n\t\t><h3 class=\"widget-title\">THE<\/h3>\n<div class=\"siteorigin-widget-tinymce textwidget\">\n\t<h4> Diferencia Artemisa<\/h4>\n<\/div>\n<\/div><\/div><\/div><div id=\"panel-694-2-0-1\" class=\"so-panel widget widget_sow-editor panel-last-child\" data-index=\"7\" ><div\n\t\t\t\n\t\t\tclass=\"so-widget-sow-editor so-widget-sow-editor-base\"\n\t\t\t\n\t\t>\n<div class=\"siteorigin-widget-tinymce textwidget\">\n\t<p>Artemis Institute for Clinical Research fue establecido en 2008 por un grupo de colegas con amplia experiencia en investigaci\u00f3n cl\u00ednica, que compart\u00edan el compromiso de desarrollar un enfoque m\u00e1s reflexivo y profesional para realizar ensayos cl\u00ednicos. Artemis se fund\u00f3 con el prop\u00f3sito central de priorizar a los pacientes, hacer avanzar la medicina y mejorar el mundo.<\/p>\n<\/div>\n<\/div><\/div><\/div><div id=\"pgc-694-2-1\"  class=\"panel-grid-cell\" ><div id=\"panel-694-2-1-0\" class=\"so-panel widget widget_sow-image panel-first-child panel-last-child\" data-index=\"8\" ><div\n\t\t\t\n\t\t\tclass=\"so-widget-sow-image so-widget-sow-image-default-8b5b6f678277-694\"\n\t\t\t\n\t\t>\n<div class=\"sow-image-container\">\n\t\t<img loading=\"lazy\" \n\tsrc=\"https:\/\/artemis-research.com\/wp-content\/uploads\/2022\/04\/IMG_3646-scaled.jpg\" width=\"2560\" height=\"1920\" srcset=\"https:\/\/artemis-research.com\/wp-content\/uploads\/2022\/04\/IMG_3646-scaled.jpg 2560w, https:\/\/artemis-research.com\/wp-content\/uploads\/2022\/04\/IMG_3646-300x225.jpg 300w, https:\/\/artemis-research.com\/wp-content\/uploads\/2022\/04\/IMG_3646-1024x768.jpg 1024w, https:\/\/artemis-research.com\/wp-content\/uploads\/2022\/04\/IMG_3646-768x576.jpg 768w, https:\/\/artemis-research.com\/wp-content\/uploads\/2022\/04\/IMG_3646-1536x1152.jpg 1536w, https:\/\/artemis-research.com\/wp-content\/uploads\/2022\/04\/IMG_3646-2048x1536.jpg 2048w, https:\/\/artemis-research.com\/wp-content\/uploads\/2022\/04\/IMG_3646-16x12.jpg 16w\" sizes=\"(max-width: 2560px) 100vw, 2560px\" title=\"IMG_3646\" alt=\"\" \t\tclass=\"so-widget-image\"\/>\n\t<\/div>\n\n<\/div><\/div><\/div><\/div><\/div><div id=\"pg-694-3\"  class=\"panel-grid panel-no-style\" ><div id=\"pgc-694-3-0\"  class=\"panel-grid-cell\" ><div id=\"panel-694-3-0-0\" class=\"so-panel widget widget_siteorigin-panels-builder panel-first-child panel-last-child\" data-index=\"9\" ><div class=\"panel-widget-style panel-widget-style-for-694-3-0-0\" ><div id=\"pl-w6262fb0252b87\"  class=\"panel-layout\" ><div id=\"pg-w6262fb0252b87-0\"  class=\"panel-grid panel-has-style\" ><div class=\"panel-row-style panel-row-style-for-w6262fb0252b87-0\" ><div id=\"pgc-w6262fb0252b87-0-0\"  class=\"panel-grid-cell panel-grid-cell-empty\" ><\/div><div id=\"pgc-w6262fb0252b87-0-1\"  class=\"panel-grid-cell panel-grid-cell-empty\" ><\/div><div id=\"pgc-w6262fb0252b87-0-2\"  class=\"panel-grid-cell panel-grid-cell-empty panel-grid-cell-mobile-last\" ><\/div><div id=\"pgc-w6262fb0252b87-0-3\"  class=\"panel-grid-cell panel-grid-cell-empty\" ><\/div><\/div><\/div><div id=\"pg-w6262fb0252b87-1\"  class=\"panel-grid panel-has-style\" ><div class=\"panel-row-style panel-row-style-for-w6262fb0252b87-1\" ><div id=\"pgc-w6262fb0252b87-1-0\"  class=\"panel-grid-cell\" ><div id=\"panel-w6262fb0252b87-1-0-0\" class=\"so-panel widget widget_sow-editor panel-first-child panel-last-child\" data-index=\"0\" ><div class=\"panel-widget-style panel-widget-style-for-w6262fb0252b87-1-0-0\" ><div\n\t\t\t\n\t\t\tclass=\"so-widget-sow-editor so-widget-sow-editor-base\"\n\t\t\t\n\t\t>\n<div class=\"siteorigin-widget-tinymce textwidget\">\n\t<h3><\/h3>\n<h2 style=\"text-align: center;\">Cont\u00e1ctenos<\/h2>\n<p style=\"text-align: center;\">858-278-3647<br \/>\n770 Washington Street, Suite 300<br \/>\nSan Diego, CA 92103<br \/>\n<a href=\"https:\/\/artemis-research.com\/es\/\">artemis-research.com<\/a><\/p>\n<\/div>\n<\/div><\/div><\/div><\/div><\/div><\/div><\/div><\/div><\/div><\/div><\/div><\/div><!-- AddThis Advanced Settings generic via filter on the_content --><!-- AddThis Share Buttons generic via filter on the_content -->","protected":false},"excerpt":{"rendered":"<p>Artemis\u2019 clinical research unit has conducted over 30 trials since it opened in 2017. The unit offers a clinical trial space, an investigational pharmacy, and state of the art services from nursing and clinical &#8230; <a class=\"read-more\" title=\"FULL STORY\" href=\"https:\/\/artemis-research.com\/es\/phase-1\/\">Ver Mas<\/a><!-- AddThis Advanced Settings generic via filter on get_the_excerpt --><!-- AddThis Share Buttons generic via filter on get_the_excerpt --><\/p>","protected":false},"author":16,"featured_media":0,"parent":0,"menu_order":0,"comment_status":"closed","ping_status":"closed","template":"","meta":{"_acf_changed":false,"_genesis_hide_title":false,"_genesis_hide_breadcrumbs":false,"_genesis_hide_singular_image":false,"_genesis_hide_footer_widgets":false,"_genesis_custom_body_class":"","_genesis_custom_post_class":"","_genesis_layout":"","footnotes":""},"class_list":{"0":"post-694","1":"page","2":"type-page","3":"status-publish","5":"entry"},"acf":[],"yoast_head":"<!-- This site is optimized with the Yoast SEO plugin v27.3 - https:\/\/yoast.com\/product\/yoast-seo-wordpress\/ -->\n<title>Phase 1 - Artemis Institute for Clinical Research<\/title>\n<meta name=\"robots\" content=\"index, follow, max-snippet:-1, max-image-preview:large, max-video-preview:-1\" \/>\n<link rel=\"canonical\" href=\"https:\/\/artemis-research.com\/es\/phase-1\/\" \/>\n<meta property=\"og:locale\" content=\"es_MX\" \/>\n<meta property=\"og:type\" content=\"article\" \/>\n<meta property=\"og:title\" content=\"Phase 1 - Artemis Institute for Clinical Research\" \/>\n<meta property=\"og:description\" content=\"Artemis\u2019 clinical research unit has conducted over 30 trials since it opened in 2017. The unit offers a clinical trial space, an investigational pharmacy, and state of the art services from nursing and clinical ... Read More\" \/>\n<meta property=\"og:url\" content=\"https:\/\/artemis-research.com\/es\/phase-1\/\" \/>\n<meta property=\"og:site_name\" content=\"Artemis Institute for Clinical Research\" \/>\n<meta property=\"article:modified_time\" content=\"2022-05-06T17:51:28+00:00\" \/>\n<meta property=\"og:image\" content=\"http:\/\/artemis-research.com\/wp-content\/uploads\/2022\/04\/ClinicalTrial-stat-icon2.png\" \/>\n<meta name=\"twitter:card\" content=\"summary_large_image\" \/>\n<meta name=\"twitter:label1\" content=\"Tiempo de lectura\" \/>\n\t<meta name=\"twitter:data1\" content=\"2 minutos\" \/>\n<script type=\"application\/ld+json\" class=\"yoast-schema-graph\">{\"@context\":\"https:\\\/\\\/schema.org\",\"@graph\":[{\"@type\":\"WebPage\",\"@id\":\"https:\\\/\\\/artemis-research.com\\\/phase-1\\\/\",\"url\":\"https:\\\/\\\/artemis-research.com\\\/phase-1\\\/\",\"name\":\"Phase 1 - Artemis Institute for Clinical Research\",\"isPartOf\":{\"@id\":\"https:\\\/\\\/artemis-research.com\\\/es\\\/#website\"},\"primaryImageOfPage\":{\"@id\":\"https:\\\/\\\/artemis-research.com\\\/phase-1\\\/#primaryimage\"},\"image\":{\"@id\":\"https:\\\/\\\/artemis-research.com\\\/phase-1\\\/#primaryimage\"},\"thumbnailUrl\":\"https:\\\/\\\/artemis-research.com\\\/wp-content\\\/uploads\\\/2022\\\/04\\\/ClinicalTrial-stat-icon2.png\",\"datePublished\":\"2022-04-22T17:17:40+00:00\",\"dateModified\":\"2022-05-06T17:51:28+00:00\",\"breadcrumb\":{\"@id\":\"https:\\\/\\\/artemis-research.com\\\/phase-1\\\/#breadcrumb\"},\"inLanguage\":\"es\",\"potentialAction\":[{\"@type\":\"ReadAction\",\"target\":[\"https:\\\/\\\/artemis-research.com\\\/phase-1\\\/\"]}]},{\"@type\":\"ImageObject\",\"inLanguage\":\"es\",\"@id\":\"https:\\\/\\\/artemis-research.com\\\/phase-1\\\/#primaryimage\",\"url\":\"https:\\\/\\\/artemis-research.com\\\/wp-content\\\/uploads\\\/2022\\\/04\\\/ClinicalTrial-stat-icon2.png\",\"contentUrl\":\"https:\\\/\\\/artemis-research.com\\\/wp-content\\\/uploads\\\/2022\\\/04\\\/ClinicalTrial-stat-icon2.png\"},{\"@type\":\"BreadcrumbList\",\"@id\":\"https:\\\/\\\/artemis-research.com\\\/phase-1\\\/#breadcrumb\",\"itemListElement\":[{\"@type\":\"ListItem\",\"position\":1,\"name\":\"Home\",\"item\":\"https:\\\/\\\/artemis-research.com\\\/\"},{\"@type\":\"ListItem\",\"position\":2,\"name\":\"Phase 1\"}]},{\"@type\":\"WebSite\",\"@id\":\"https:\\\/\\\/artemis-research.com\\\/es\\\/#website\",\"url\":\"https:\\\/\\\/artemis-research.com\\\/es\\\/\",\"name\":\"Artemis Institute for Clinical Research\",\"description\":\"\",\"potentialAction\":[{\"@type\":\"SearchAction\",\"target\":{\"@type\":\"EntryPoint\",\"urlTemplate\":\"https:\\\/\\\/artemis-research.com\\\/es\\\/?s={search_term_string}\"},\"query-input\":{\"@type\":\"PropertyValueSpecification\",\"valueRequired\":true,\"valueName\":\"search_term_string\"}}],\"inLanguage\":\"es\"}]}<\/script>\n<!-- \/ Yoast SEO plugin. -->","yoast_head_json":{"title":"Phase 1 - Artemis Institute for Clinical Research","robots":{"index":"index","follow":"follow","max-snippet":"max-snippet:-1","max-image-preview":"max-image-preview:large","max-video-preview":"max-video-preview:-1"},"canonical":"https:\/\/artemis-research.com\/es\/phase-1\/","og_locale":"es_MX","og_type":"article","og_title":"Phase 1 - Artemis Institute for Clinical Research","og_description":"Artemis\u2019 clinical research unit has conducted over 30 trials since it opened in 2017. The unit offers a clinical trial space, an investigational pharmacy, and state of the art services from nursing and clinical ... Read More","og_url":"https:\/\/artemis-research.com\/es\/phase-1\/","og_site_name":"Artemis Institute for Clinical Research","article_modified_time":"2022-05-06T17:51:28+00:00","og_image":[{"url":"http:\/\/artemis-research.com\/wp-content\/uploads\/2022\/04\/ClinicalTrial-stat-icon2.png","type":"","width":"","height":""}],"twitter_card":"summary_large_image","twitter_misc":{"Tiempo de lectura":"2 minutos"},"schema":{"@context":"https:\/\/schema.org","@graph":[{"@type":"WebPage","@id":"https:\/\/artemis-research.com\/phase-1\/","url":"https:\/\/artemis-research.com\/phase-1\/","name":"Phase 1 - Artemis Institute for Clinical Research","isPartOf":{"@id":"https:\/\/artemis-research.com\/es\/#website"},"primaryImageOfPage":{"@id":"https:\/\/artemis-research.com\/phase-1\/#primaryimage"},"image":{"@id":"https:\/\/artemis-research.com\/phase-1\/#primaryimage"},"thumbnailUrl":"https:\/\/artemis-research.com\/wp-content\/uploads\/2022\/04\/ClinicalTrial-stat-icon2.png","datePublished":"2022-04-22T17:17:40+00:00","dateModified":"2022-05-06T17:51:28+00:00","breadcrumb":{"@id":"https:\/\/artemis-research.com\/phase-1\/#breadcrumb"},"inLanguage":"es","potentialAction":[{"@type":"ReadAction","target":["https:\/\/artemis-research.com\/phase-1\/"]}]},{"@type":"ImageObject","inLanguage":"es","@id":"https:\/\/artemis-research.com\/phase-1\/#primaryimage","url":"https:\/\/artemis-research.com\/wp-content\/uploads\/2022\/04\/ClinicalTrial-stat-icon2.png","contentUrl":"https:\/\/artemis-research.com\/wp-content\/uploads\/2022\/04\/ClinicalTrial-stat-icon2.png"},{"@type":"BreadcrumbList","@id":"https:\/\/artemis-research.com\/phase-1\/#breadcrumb","itemListElement":[{"@type":"ListItem","position":1,"name":"Home","item":"https:\/\/artemis-research.com\/"},{"@type":"ListItem","position":2,"name":"Phase 1"}]},{"@type":"WebSite","@id":"https:\/\/artemis-research.com\/es\/#website","url":"https:\/\/artemis-research.com\/es\/","name":"Artemis Institute for Clinical Research","description":"","potentialAction":[{"@type":"SearchAction","target":{"@type":"EntryPoint","urlTemplate":"https:\/\/artemis-research.com\/es\/?s={search_term_string}"},"query-input":{"@type":"PropertyValueSpecification","valueRequired":true,"valueName":"search_term_string"}}],"inLanguage":"es"}]}},"jetpack_sharing_enabled":true,"_links":{"self":[{"href":"https:\/\/artemis-research.com\/es\/wp-json\/wp\/v2\/pages\/694","targetHints":{"allow":["GET"]}}],"collection":[{"href":"https:\/\/artemis-research.com\/es\/wp-json\/wp\/v2\/pages"}],"about":[{"href":"https:\/\/artemis-research.com\/es\/wp-json\/wp\/v2\/types\/page"}],"author":[{"embeddable":true,"href":"https:\/\/artemis-research.com\/es\/wp-json\/wp\/v2\/users\/16"}],"replies":[{"embeddable":true,"href":"https:\/\/artemis-research.com\/es\/wp-json\/wp\/v2\/comments?post=694"}],"version-history":[{"count":0,"href":"https:\/\/artemis-research.com\/es\/wp-json\/wp\/v2\/pages\/694\/revisions"}],"wp:attachment":[{"href":"https:\/\/artemis-research.com\/es\/wp-json\/wp\/v2\/media?parent=694"}],"curies":[{"name":"wp","href":"https:\/\/api.w.org\/{rel}","templated":true}]}}